{"id":1816,"date":"2023-02-27T13:41:35","date_gmt":"2023-02-27T12:41:35","guid":{"rendered":"https:\/\/www.skladuju.cz\/additional-services\/pujcovna-dodavek\/"},"modified":"2026-03-23T09:32:35","modified_gmt":"2026-03-23T08:32:35","slug":"van-rental","status":"publish","type":"page","link":"https:\/\/www.skladuju.cz\/en\/additional-services\/van-rental\/","title":{"rendered":"Van Rental"},"content":{"rendered":"<p>Have you rented a&nbsp;storage unit at one of the Misterbox self storage branches in Prague and are unsure how to move your furniture? If you prefer not to use a&nbsp;moving company and want to handle everything yourself, the van rental service located in our premises in Prague Stod\u016flky might be the right solution for you.<\/p>\n<p>P\u016fj\u010dovna levn\u00fdch dod\u00e1vek Praha s.r.o.<\/p>\n<p><a href=\"http:\/\/www.levna-autopujcovna-dodavek.cz\" target=\"_blank\" rel=\"noopener\">www.levna-autopujcovna-dodavek.cz<\/a><\/p>\n","protected":false},"excerpt":{"rendered":"<p>Have you rented a&nbsp;storage unit at one of the Misterbox self storage branches in Prague and are unsure how to move your furniture? If you prefer not to use a&nbsp;moving company and want to handle everything yourself, the van rental service located in our premises in Prague Stod\u016flky might be the right solution for you&#8230;.<\/p>\n","protected":false},"author":5,"featured_media":1495,"parent":1803,"menu_order":30,"comment_status":"closed","ping_status":"closed","template":"","meta":{"footnotes":"","_links_to":"","_links_to_target":""},"class_list":["post-1816","page","type-page","status-publish","has-post-thumbnail","hentry"],"acf":[],"_links":{"self":[{"href":"https:\/\/www.skladuju.cz\/en\/wp-json\/wp\/v2\/pages\/1816","targetHints":{"allow":["GET"]}}],"collection":[{"href":"https:\/\/www.skladuju.cz\/en\/wp-json\/wp\/v2\/pages"}],"about":[{"href":"https:\/\/www.skladuju.cz\/en\/wp-json\/wp\/v2\/types\/page"}],"author":[{"embeddable":true,"href":"https:\/\/www.skladuju.cz\/en\/wp-json\/wp\/v2\/users\/5"}],"replies":[{"embeddable":true,"href":"https:\/\/www.skladuju.cz\/en\/wp-json\/wp\/v2\/comments?post=1816"}],"version-history":[{"count":3,"href":"https:\/\/www.skladuju.cz\/en\/wp-json\/wp\/v2\/pages\/1816\/revisions"}],"predecessor-version":[{"id":1819,"href":"https:\/\/www.skladuju.cz\/en\/wp-json\/wp\/v2\/pages\/1816\/revisions\/1819"}],"up":[{"embeddable":true,"href":"https:\/\/www.skladuju.cz\/en\/wp-json\/wp\/v2\/pages\/1803"}],"wp:featuredmedia":[{"embeddable":true,"href":"https:\/\/www.skladuju.cz\/en\/wp-json\/wp\/v2\/media\/1495"}],"wp:attachment":[{"href":"https:\/\/www.skladuju.cz\/en\/wp-json\/wp\/v2\/media?parent=1816"}],"curies":[{"name":"wp","href":"https:\/\/api.w.org\/{rel}","templated":true}]}}