{"id":1768,"date":"2023-02-21T09:49:52","date_gmt":"2023-02-21T08:49:52","guid":{"rendered":"https:\/\/www.skladuju.cz\/storage-rental\/warehouse-rental-hradec-kralove\/hradec-kralove-prazska\/"},"modified":"2026-03-20T12:36:12","modified_gmt":"2026-03-20T11:36:12","slug":"hradec-kralove-prazska","status":"publish","type":"page","link":"https:\/\/www.skladuju.cz\/en\/storage-rental\/warehouse-rental-hradec-kralove\/hradec-kralove-prazska\/","title":{"rendered":"Hradec Kr\u00e1lov\u00e9 Pra\u017esk\u00e1"},"content":{"rendered":"","protected":false},"excerpt":{"rendered":"","protected":false},"author":5,"featured_media":0,"parent":1764,"menu_order":0,"comment_status":"closed","ping_status":"closed","template":"template-nase-sklady-mesto-pobocka.php","meta":{"footnotes":"","_links_to":"","_links_to_target":""},"class_list":["post-1768","page","type-page","status-publish","hentry"],"acf":[],"_links":{"self":[{"href":"https:\/\/www.skladuju.cz\/en\/wp-json\/wp\/v2\/pages\/1768","targetHints":{"allow":["GET"]}}],"collection":[{"href":"https:\/\/www.skladuju.cz\/en\/wp-json\/wp\/v2\/pages"}],"about":[{"href":"https:\/\/www.skladuju.cz\/en\/wp-json\/wp\/v2\/types\/page"}],"author":[{"embeddable":true,"href":"https:\/\/www.skladuju.cz\/en\/wp-json\/wp\/v2\/users\/5"}],"replies":[{"embeddable":true,"href":"https:\/\/www.skladuju.cz\/en\/wp-json\/wp\/v2\/comments?post=1768"}],"version-history":[{"count":1,"href":"https:\/\/www.skladuju.cz\/en\/wp-json\/wp\/v2\/pages\/1768\/revisions"}],"predecessor-version":[{"id":1769,"href":"https:\/\/www.skladuju.cz\/en\/wp-json\/wp\/v2\/pages\/1768\/revisions\/1769"}],"up":[{"embeddable":true,"href":"https:\/\/www.skladuju.cz\/en\/wp-json\/wp\/v2\/pages\/1764"}],"wp:attachment":[{"href":"https:\/\/www.skladuju.cz\/en\/wp-json\/wp\/v2\/media?parent=1768"}],"curies":[{"name":"wp","href":"https:\/\/api.w.org\/{rel}","templated":true}]}}