{"id":1710,"date":"2023-02-23T09:04:39","date_gmt":"2023-02-23T08:04:39","guid":{"rendered":"https:\/\/www.skladuju.cz\/studentske-stehovani\/"},"modified":"2026-03-20T11:20:32","modified_gmt":"2026-03-20T10:20:32","slug":"student-moving-services","status":"publish","type":"page","link":"https:\/\/www.skladuju.cz\/en\/student-moving-services\/","title":{"rendered":"Student Moving Services"},"content":{"rendered":"<p>Balancing studies and social life can be challenging, so you\u2019re probably looking forward to a&nbsp;well-deserved break during the summer holidays\u2014whether you\u2019re heading back to your parents, traveling abroad for work, or simply exploring on your own.<\/p>\n<p>With all the chaos that comes with the end of the academic year, you\u2019ve likely not yet had the opportunity to think about what you\u2019ll do with all your belongings over the summer. It\u2019s incredible how quickly you accumulate things, even when you\u2019re limited to a&nbsp;single dorm room.<\/p>\n<p>When it comes to moving and transporting all your belongings back home, it can feel overwhelming. More specifically, if you\u2019re returning in a&nbsp;few months, it doesn\u2019t make much sense to pack everything you own and move it back to your family home or apartment, only to bring it all back again shortly after.<\/p>\n<p>While moving everything to your parents\u2019 place might be the cheapest option, it\u2019s not always the most practical or convenient solution for everyone.<\/p>\n<h2>Do you really need storage?<\/h2>\n<p>The first thing you may want to check before deciding on storage.<\/p>\n<p>Some of you live in private apartments, and either you or the landlord may rent the apartment out on Airbnb during the holidays. Check whether the landlord will require all items to be removed from the room, and whether they are willing to let you leave your belongings in the apartment while you\u2019re away.<\/p>\n<p>If you can\u2019t leave your belongings in your apartment or dorm and you don\u2019t have any other safe storage options, don\u2019t assume that taking everything home is your only solution.<\/p>\n<p>There is a&nbsp;better way! Self-storage could be the answer.<\/p>\n<p>Self-storage allows you to safely store your belongings over the summer; simply pack your items, bring them to Misterbox self-storage, store them, lock your unit, and forget about them until October. More importantly, start enjoying your summer.<\/p>\n<p>Across the country, you\u2019ll find hundreds of self-storage facilities\u2014Misterbox has more than 7 locations nationwide, so there\u2019s a&nbsp;very good chance one is near your university. We operate sites in major cities such as Prague, Brno, Plze\u0148, Hradec Kr\u00e1lov\u00e9, and Liberec.<\/p>\n<p>As a&nbsp;student, your budget may be limited. Our units offer a&nbsp;great balance between price and size. It\u2019s more cost-effective to reserve a&nbsp;larger unit and split the cost with other students. By using a&nbsp;code lock on the container, you won\u2019t have to worry about managing keys.<\/p>\n<p>&nbsp;<\/p>\n","protected":false},"excerpt":{"rendered":"<p>Balancing studies and social life can be challenging, so you\u2019re probably looking forward to a&nbsp;well-deserved break during the summer holidays\u2014whether you\u2019re heading back to your parents, traveling abroad for work, or simply exploring on your own. With all the chaos that comes with the end of the academic year, you\u2019ve likely not yet had the&#8230;<\/p>\n","protected":false},"author":5,"featured_media":1468,"parent":0,"menu_order":0,"comment_status":"closed","ping_status":"closed","template":"","meta":{"footnotes":"","_links_to":"","_links_to_target":""},"class_list":["post-1710","page","type-page","status-publish","has-post-thumbnail","hentry"],"acf":[],"_links":{"self":[{"href":"https:\/\/www.skladuju.cz\/en\/wp-json\/wp\/v2\/pages\/1710","targetHints":{"allow":["GET"]}}],"collection":[{"href":"https:\/\/www.skladuju.cz\/en\/wp-json\/wp\/v2\/pages"}],"about":[{"href":"https:\/\/www.skladuju.cz\/en\/wp-json\/wp\/v2\/types\/page"}],"author":[{"embeddable":true,"href":"https:\/\/www.skladuju.cz\/en\/wp-json\/wp\/v2\/users\/5"}],"replies":[{"embeddable":true,"href":"https:\/\/www.skladuju.cz\/en\/wp-json\/wp\/v2\/comments?post=1710"}],"version-history":[{"count":2,"href":"https:\/\/www.skladuju.cz\/en\/wp-json\/wp\/v2\/pages\/1710\/revisions"}],"predecessor-version":[{"id":1712,"href":"https:\/\/www.skladuju.cz\/en\/wp-json\/wp\/v2\/pages\/1710\/revisions\/1712"}],"wp:featuredmedia":[{"embeddable":true,"href":"https:\/\/www.skladuju.cz\/en\/wp-json\/wp\/v2\/media\/1468"}],"wp:attachment":[{"href":"https:\/\/www.skladuju.cz\/en\/wp-json\/wp\/v2\/media?parent=1710"}],"curies":[{"name":"wp","href":"https:\/\/api.w.org\/{rel}","templated":true}]}}